{"id":6,"date":"2016-02-03T16:22:09","date_gmt":"2016-02-03T14:22:09","guid":{"rendered":"http:\/\/bato-marketing.de\/?page_id=6"},"modified":"2026-04-28T17:18:27","modified_gmt":"2026-04-28T15:18:27","slug":"startseite","status":"publish","type":"page","link":"https:\/\/bato-marketing.de\/","title":{"rendered":"Startseite"},"content":{"rendered":"<h2><strong><img loading=\"lazy\" decoding=\"async\" class=\"aligncenter size-full wp-image-70\" src=\"https:\/\/bato-marketing.de\/wp-content\/uploads\/2016\/02\/Bato-Marketing-1.png\" alt=\"\" width=\"354\" height=\"107\" srcset=\"https:\/\/bato-marketing.de\/wp-content\/uploads\/2016\/02\/Bato-Marketing-1.png 354w, https:\/\/bato-marketing.de\/wp-content\/uploads\/2016\/02\/Bato-Marketing-1-300x91.png 300w\" sizes=\"auto, (max-width: 354px) 100vw, 354px\" \/><\/strong><\/h2>\n<p><strong>28.04.2026<\/strong><\/p>\n<p><iframe loading=\"lazy\" title=\"Offene und verdeckte Z\u00fcge\" width=\"640\" height=\"360\" src=\"https:\/\/www.youtube.com\/embed\/Ec04R8cs-80?feature=oembed\" frameborder=\"0\" allow=\"accelerometer; autoplay; clipboard-write; encrypted-media; gyroscope; picture-in-picture; web-share\" referrerpolicy=\"strict-origin-when-cross-origin\" allowfullscreen><\/iframe><\/p>\n<p><iframe loading=\"lazy\" title=\"Wer hat den l\u00e4ngeren Atem ?\" width=\"640\" height=\"360\" src=\"https:\/\/www.youtube.com\/embed\/u2n_OI-Vblw?feature=oembed\" frameborder=\"0\" allow=\"accelerometer; autoplay; clipboard-write; encrypted-media; gyroscope; picture-in-picture; web-share\" referrerpolicy=\"strict-origin-when-cross-origin\" allowfullscreen><\/iframe><\/p>\n<p><iframe loading=\"lazy\" title=\"Trotz aller Widerst\u00e4nde, kommen wir der Ziellinie immer n\u00e4her.\" width=\"640\" height=\"360\" src=\"https:\/\/www.youtube.com\/embed\/0N12sRBnFKE?feature=oembed\" frameborder=\"0\" allow=\"accelerometer; autoplay; clipboard-write; encrypted-media; gyroscope; picture-in-picture; web-share\" referrerpolicy=\"strict-origin-when-cross-origin\" allowfullscreen><\/iframe><\/p>\n<p><iframe loading=\"lazy\" title=\"Wir erleben das gr\u00f6\u00dfte Schachspiel aller Zeiten\" width=\"640\" height=\"360\" src=\"https:\/\/www.youtube.com\/embed\/DN399ROIf9k?feature=oembed\" frameborder=\"0\" allow=\"accelerometer; autoplay; clipboard-write; encrypted-media; gyroscope; picture-in-picture; web-share\" referrerpolicy=\"strict-origin-when-cross-origin\" allowfullscreen><\/iframe><\/p>\n<p><iframe loading=\"lazy\" title=\"Aktuelle geopolitische Ereignisse 09.04.26\" width=\"640\" height=\"360\" src=\"https:\/\/www.youtube.com\/embed\/kinXm2GWgjo?start=2900&#038;feature=oembed\" frameborder=\"0\" allow=\"accelerometer; autoplay; clipboard-write; encrypted-media; gyroscope; picture-in-picture; web-share\" referrerpolicy=\"strict-origin-when-cross-origin\" allowfullscreen><\/iframe><\/p>\n<p><iframe loading=\"lazy\" title=\"Das Ende des \u00c4ons r\u00fcckt n\u00e4her\" width=\"640\" height=\"360\" src=\"https:\/\/www.youtube.com\/embed\/BYReAiX7DAs?start=1413&#038;feature=oembed\" frameborder=\"0\" allow=\"accelerometer; autoplay; clipboard-write; encrypted-media; gyroscope; picture-in-picture; web-share\" referrerpolicy=\"strict-origin-when-cross-origin\" allowfullscreen><\/iframe><\/p>\n<p><iframe loading=\"lazy\" title=\"Gro\u00dfe Aufdeckung: Bereits \u00fcber 100 Spezies auf der Erde (Peter Denk)\" width=\"640\" height=\"360\" src=\"https:\/\/www.youtube.com\/embed\/uET7_FpP4rQ?feature=oembed\" frameborder=\"0\" allow=\"accelerometer; autoplay; clipboard-write; encrypted-media; gyroscope; picture-in-picture; web-share\" referrerpolicy=\"strict-origin-when-cross-origin\" allowfullscreen><\/iframe><\/p>\n<p><iframe loading=\"lazy\" title=\"Milit\u00e4rarzt packt aus: Warum Schulmedizin lebensgef\u00e4hrlich ist (Dr. Ulrich Mohr)\" width=\"640\" height=\"360\" src=\"https:\/\/www.youtube.com\/embed\/iHD1W7D0TJw?feature=oembed\" frameborder=\"0\" allow=\"accelerometer; autoplay; clipboard-write; encrypted-media; gyroscope; picture-in-picture; web-share\" referrerpolicy=\"strict-origin-when-cross-origin\" allowfullscreen><\/iframe><\/p>\n<p><iframe loading=\"lazy\" title=\"Mossad, Rothschild &amp; Epstein: Die Verbindung, die niemand sehen soll! - Hopf &amp; Kettner #7\" width=\"640\" height=\"360\" src=\"https:\/\/www.youtube.com\/embed\/n2-lQ8bzuRI?start=569&#038;feature=oembed\" frameborder=\"0\" allow=\"accelerometer; autoplay; clipboard-write; encrypted-media; gyroscope; picture-in-picture; web-share\" referrerpolicy=\"strict-origin-when-cross-origin\" allowfullscreen><\/iframe><\/p>\n<p><iframe loading=\"lazy\" title=\"BLOG-M - Im Licht EXTRA - &quot;Who the f*** is &quot;Q&quot;?&quot; Part 3 - Follow the white rabbit\" width=\"640\" height=\"480\" src=\"https:\/\/www.youtube.com\/embed\/UgU1C--2eHU?feature=oembed\" frameborder=\"0\" allow=\"accelerometer; autoplay; clipboard-write; encrypted-media; gyroscope; picture-in-picture; web-share\" referrerpolicy=\"strict-origin-when-cross-origin\" allowfullscreen><\/iframe><\/p>\n<p><strong>\u00a0<\/strong><\/p>\n<p><iframe loading=\"lazy\" title=\"BLOG-M - Im Licht EXTRA - &quot;Who the f*** is &quot;Q&quot;?&quot; Part 2\" width=\"640\" height=\"480\" src=\"https:\/\/www.youtube.com\/embed\/BToLicbHqrA?feature=oembed\" frameborder=\"0\" allow=\"accelerometer; autoplay; clipboard-write; encrypted-media; gyroscope; picture-in-picture; web-share\" referrerpolicy=\"strict-origin-when-cross-origin\" allowfullscreen><\/iframe><\/p>\n<p><iframe loading=\"lazy\" title=\"BLOG-M - Im Licht EXTRA - &quot;Who the f*** is &quot;Q&quot;?&quot;  Part 1\" width=\"640\" height=\"480\" src=\"https:\/\/www.youtube.com\/embed\/5Z__5CXdx0I?feature=oembed\" frameborder=\"0\" allow=\"accelerometer; autoplay; clipboard-write; encrypted-media; gyroscope; picture-in-picture; web-share\" referrerpolicy=\"strict-origin-when-cross-origin\" allowfullscreen><\/iframe><\/p>\n<p><strong>\u00a0\u00a0<\/strong><\/p>\n<p><iframe loading=\"lazy\" title=\"T\u00e4uschung im All: Der wahre Ursprung des Mondes! (Peter Denk)\" width=\"640\" height=\"360\" src=\"https:\/\/www.youtube.com\/embed\/dK6kSGObawE?feature=oembed\" frameborder=\"0\" allow=\"accelerometer; autoplay; clipboard-write; encrypted-media; gyroscope; picture-in-picture; web-share\" referrerpolicy=\"strict-origin-when-cross-origin\" allowfullscreen><\/iframe><\/p>\n<p><strong>\u00a0<\/strong><\/p>\n<p><iframe loading=\"lazy\" title=\"Blog-M #52 - Dr. Sabine C. Stebel und Holger Rei\u00dfner - &quot;SHEDDING&quot; - Folgen der Pandemie\" width=\"640\" height=\"480\" src=\"https:\/\/www.youtube.com\/embed\/gTvBAmzv1zQ?feature=oembed\" frameborder=\"0\" allow=\"accelerometer; autoplay; clipboard-write; encrypted-media; gyroscope; picture-in-picture; web-share\" referrerpolicy=\"strict-origin-when-cross-origin\" allowfullscreen><\/iframe><\/p>\n<p><strong>Sehr interessantes Gespr\u00e4ch \u00fcber die Souver\u00e4nit\u00e4t der BRD<\/strong><\/p>\n<p><iframe loading=\"lazy\" title=\"Blog-M -im Licht- #50 - Verfassung und Souver\u00e4nit\u00e4t\" width=\"640\" height=\"360\" src=\"https:\/\/www.youtube.com\/embed\/dNmRxv9-Zbg?feature=oembed\" frameborder=\"0\" allow=\"accelerometer; autoplay; clipboard-write; encrypted-media; gyroscope; picture-in-picture; web-share\" referrerpolicy=\"strict-origin-when-cross-origin\" allowfullscreen><\/iframe><\/p>\n<p><iframe loading=\"lazy\" title=\"Datenexperte zeigt: \u00dcbersterblichkeit erst nach den Spritzen (Tom Lausen)\" width=\"640\" height=\"360\" src=\"https:\/\/www.youtube.com\/embed\/KH7Ir6q2rBA?feature=oembed\" frameborder=\"0\" allow=\"accelerometer; autoplay; clipboard-write; encrypted-media; gyroscope; picture-in-picture; web-share\" referrerpolicy=\"strict-origin-when-cross-origin\" allowfullscreen><\/iframe><\/p>\n<p><iframe loading=\"lazy\" title=\"Was USA und Israel verschweigen: Hitler lebte in S\u00fcdamerika (Peter Denk)\" width=\"640\" height=\"360\" src=\"https:\/\/www.youtube.com\/embed\/B50QXTbciok?feature=oembed\" frameborder=\"0\" allow=\"accelerometer; autoplay; clipboard-write; encrypted-media; gyroscope; picture-in-picture; web-share\" referrerpolicy=\"strict-origin-when-cross-origin\" allowfullscreen><\/iframe><\/p>\n<p>&nbsp;<\/p>\n<p><strong>22.03.2025 &#8211; Interessante Informationen zum Thema Finanzen!<\/strong><\/p>\n<p><iframe loading=\"lazy\" title=\"Tischgespr\u00e4ch #8  - Das Fundament aller Probleme ist das Geldsystem\" width=\"640\" height=\"360\" src=\"https:\/\/www.youtube.com\/embed\/RA3z0scqEtg?start=3636&#038;feature=oembed\" frameborder=\"0\" allow=\"accelerometer; autoplay; clipboard-write; encrypted-media; gyroscope; picture-in-picture; web-share\" referrerpolicy=\"strict-origin-when-cross-origin\" allowfullscreen><\/iframe><\/p>\n<p>&nbsp;<\/p>\n<p><iframe loading=\"lazy\" title=\"Wie milit\u00e4rische Planspiele unsere Vernichtung\u00a0simulieren | Propagandaforscher Dr. Jonas T\u00f6gel\" width=\"640\" height=\"360\" src=\"https:\/\/www.youtube.com\/embed\/mca7qinRQss?feature=oembed\" frameborder=\"0\" allow=\"accelerometer; autoplay; clipboard-write; encrypted-media; gyroscope; picture-in-picture; web-share\" referrerpolicy=\"strict-origin-when-cross-origin\" allowfullscreen><\/iframe><\/p>\n<p><iframe loading=\"lazy\" title=\"Wie HAARP und Chemtrails unser Wetter manipulieren (Georg Ritschl)\" width=\"640\" height=\"360\" src=\"https:\/\/www.youtube.com\/embed\/uebfyAKDj_s?feature=oembed\" frameborder=\"0\" allow=\"accelerometer; autoplay; clipboard-write; encrypted-media; gyroscope; picture-in-picture; web-share\" referrerpolicy=\"strict-origin-when-cross-origin\" allowfullscreen><\/iframe><\/p>\n<p><iframe loading=\"lazy\" title=\"70% weniger Krebsrisiko: Neue Erkenntnisse aus bahnbrechender Studie | QS24 Wissenschafts-Gremium\" width=\"640\" height=\"360\" src=\"https:\/\/www.youtube.com\/embed\/PvcVSXrfxMA?feature=oembed\" frameborder=\"0\" allow=\"accelerometer; autoplay; clipboard-write; encrypted-media; gyroscope; picture-in-picture; web-share\" referrerpolicy=\"strict-origin-when-cross-origin\" allowfullscreen><\/iframe><\/p>\n<p><strong>\u00a0<\/strong><\/p>\n<p><iframe loading=\"lazy\" title=\"Warum Trinkwasser dich krank macht \u2013 und was du tun kannst! (Ricardo Leppe)\" width=\"640\" height=\"360\" src=\"https:\/\/www.youtube.com\/embed\/wNFzAtwj78Y?feature=oembed\" frameborder=\"0\" allow=\"accelerometer; autoplay; clipboard-write; encrypted-media; gyroscope; picture-in-picture; web-share\" referrerpolicy=\"strict-origin-when-cross-origin\" allowfullscreen><\/iframe><\/p>\n<p><iframe loading=\"lazy\" title=\"Was dir niemand \u00fcber die professionelle Zahnreinigung sagt\" width=\"640\" height=\"360\" src=\"https:\/\/www.youtube.com\/embed\/aTIALN_jmpQ?feature=oembed\" frameborder=\"0\" allow=\"accelerometer; autoplay; clipboard-write; encrypted-media; gyroscope; picture-in-picture; web-share\" referrerpolicy=\"strict-origin-when-cross-origin\" allowfullscreen><\/iframe><\/p>\n<p><iframe loading=\"lazy\" title=\"P. Diddy &amp; Taylor Swift: \ud83d\udea8 Der Skandal, der Kamala Harris Wahlkampf zerrei\u00dft!\" width=\"640\" height=\"360\" src=\"https:\/\/www.youtube.com\/embed\/j1TxqD6t_lU?start=478&#038;feature=oembed\" frameborder=\"0\" allow=\"accelerometer; autoplay; clipboard-write; encrypted-media; gyroscope; picture-in-picture; web-share\" referrerpolicy=\"strict-origin-when-cross-origin\" allowfullscreen><\/iframe><\/p>\n<p><iframe loading=\"lazy\" title=\"Ch\u025bmotherapie: Krebsforscher deckt brutale Wahrheit auf\" width=\"640\" height=\"360\" src=\"https:\/\/www.youtube.com\/embed\/wLbHfYcxi8w?feature=oembed\" frameborder=\"0\" allow=\"accelerometer; autoplay; clipboard-write; encrypted-media; gyroscope; picture-in-picture; web-share\" referrerpolicy=\"strict-origin-when-cross-origin\" allowfullscreen><\/iframe><\/p>\n<p><iframe loading=\"lazy\" title=\"Warum Schulen lernfeindlich sind (Ricardo Leppe)\" width=\"640\" height=\"360\" src=\"https:\/\/www.youtube.com\/embed\/Fk7GVT7QgCQ?feature=oembed\" frameborder=\"0\" allow=\"accelerometer; autoplay; clipboard-write; encrypted-media; gyroscope; picture-in-picture; web-share\" referrerpolicy=\"strict-origin-when-cross-origin\" allowfullscreen><\/iframe><\/p>\n<p>&nbsp;<\/p>\n<p><iframe loading=\"lazy\" title=\"Corona-Impfung: Das musst Du jetzt wissen!\" width=\"640\" height=\"360\" src=\"https:\/\/www.youtube.com\/embed\/onHA9EhQjyw?start=36&#038;feature=oembed\" frameborder=\"0\" allow=\"accelerometer; autoplay; clipboard-write; encrypted-media; gyroscope; picture-in-picture; web-share\" referrerpolicy=\"strict-origin-when-cross-origin\" allowfullscreen><\/iframe><\/p>\n<p><strong>\u00a0 \u00a0<\/strong><\/p>\n<p><strong>\u00a0<\/strong><\/p>\n<p><iframe loading=\"lazy\" title=\"Kognitive Kriegsf\u00fchrung: Das Wissen \u00fcber die menschliche Psyche wird missbraucht | Dr. Jonas T\u00f6gel\" width=\"640\" height=\"360\" src=\"https:\/\/www.youtube.com\/embed\/tEJMCFJ8WuQ?feature=oembed\" frameborder=\"0\" allow=\"accelerometer; autoplay; clipboard-write; encrypted-media; gyroscope; picture-in-picture; web-share\" referrerpolicy=\"strict-origin-when-cross-origin\" allowfullscreen><\/iframe><\/p>\n<p>&nbsp;<\/p>\n<p><strong>\u00a0 Aufkl\u00e4rung \u00fcber die AFD mit knallharten Fakten und Analysen<\/strong><\/p>\n<p><iframe loading=\"lazy\" title=\"Ist die AFD wirklich eine Alternative f\u00fcr Deutschland? Es betrifft uns alle!\" width=\"640\" height=\"360\" src=\"https:\/\/www.youtube.com\/embed\/aaVi09RBD5c?feature=oembed\" frameborder=\"0\" allow=\"accelerometer; autoplay; clipboard-write; encrypted-media; gyroscope; picture-in-picture; web-share\" referrerpolicy=\"strict-origin-when-cross-origin\" allowfullscreen><\/iframe><\/p>\n<p>&nbsp;<\/p>\n<p><iframe loading=\"lazy\" title=\"Was passiert hier nur mit unserem Himmel?! | NaturMedizin | QS24 Gesundheitsfernsehen\" width=\"640\" height=\"360\" src=\"https:\/\/www.youtube.com\/embed\/nylCt8I4Qto?feature=oembed\" frameborder=\"0\" allow=\"accelerometer; autoplay; clipboard-write; encrypted-media; gyroscope; picture-in-picture; web-share\" referrerpolicy=\"strict-origin-when-cross-origin\" allowfullscreen><\/iframe><\/p>\n<p>&nbsp;<\/p>\n<p><iframe loading=\"lazy\" title=\"Wir werden immer d\u00fcmmer! | Dr. med. Petra Wiechel &amp; Dr. med. Dietrich Klinghardt | QS24\" width=\"640\" height=\"360\" src=\"https:\/\/www.youtube.com\/embed\/E3dXNfBKxfY?feature=oembed\" frameborder=\"0\" allow=\"accelerometer; autoplay; clipboard-write; encrypted-media; gyroscope; picture-in-picture; web-share\" referrerpolicy=\"strict-origin-when-cross-origin\" allowfullscreen><\/iframe><\/p>\n<p>&nbsp;<\/p>\n<p><iframe loading=\"lazy\" title=\"Giftstoffe im K\u00f6rper | Dr. med. Kurt E. M\u00fcller | Naturmedizin | QS24 Gesundheitsfernsehen\" width=\"640\" height=\"360\" src=\"https:\/\/www.youtube.com\/embed\/seSlByqFNUQ?feature=oembed\" frameborder=\"0\" allow=\"accelerometer; autoplay; clipboard-write; encrypted-media; gyroscope; picture-in-picture; web-share\" referrerpolicy=\"strict-origin-when-cross-origin\" allowfullscreen><\/iframe><\/p>\n<p>&nbsp;<\/p>\n<p><iframe loading=\"lazy\" title=\"Der Cholesterin-Schwindel | Prof. em. Prof. Dr. med. Karl Hecht | Back to school | QS24\" width=\"640\" height=\"360\" src=\"https:\/\/www.youtube.com\/embed\/YRQyp45Axyc?feature=oembed\" frameborder=\"0\" allow=\"accelerometer; autoplay; clipboard-write; encrypted-media; gyroscope; picture-in-picture; web-share\" referrerpolicy=\"strict-origin-when-cross-origin\" allowfullscreen><\/iframe><\/p>\n<p><iframe loading=\"lazy\" title=\"Giftcocktail Sonnencreme | NaturMEDIZIN | QS24 Gesundheitsfernsehen\" width=\"640\" height=\"360\" src=\"https:\/\/www.youtube.com\/embed\/FtBNzS545wc?feature=oembed\" frameborder=\"0\" allow=\"accelerometer; autoplay; clipboard-write; encrypted-media; gyroscope; picture-in-picture; web-share\" referrerpolicy=\"strict-origin-when-cross-origin\" allowfullscreen><\/iframe><\/p>\n<p>&nbsp;<\/p>\n<p><strong>\u00a0<\/strong><\/p>\n<p><strong><span style=\"color: #000000;\">Herzlich Willkommen auf meiner Website. (Stand Anfang 2019)<\/span><\/strong><\/p>\n<p><span style=\"color: #000000;\">Die Welt wird sich ver\u00e4ndern. Wir m\u00fcssen bereit sein, uns diesen Ver\u00e4nderungen zu stellen. Unser Finanzsystem wird in seiner jetzigen Form nicht \u00fcberleben. Hinterfragen Sie Aussagen der Mainstream-Medien und vor allem unserer Politiker. Jede Reform der letzten Jahre hatte nur eins zum Ziel. Die Schere zwischen Arm und Reich wird immer gr\u00f6\u00dfer und die Gier der Reichen kennt kein Ma\u00df mehr.<\/span><\/p>\n<p><span style=\"color: #000000;\">Eine einschneidende Ver\u00e4nderung wird die Digitalisierung mit sich bringen. Es ist davon auszugehen, dass 50 Prozent der Arbeitspl\u00e4tze weltweit verloren gehen. Auch die Nutzung der Blockchain-Technologie ist nicht mehr aufzuhalten. Kryptow\u00e4hrungen, ob zentral oder dezentral werden das Zahlungsmittel der n\u00e4chsten Generation sein. Viele L\u00e4nder weltweit nutzen bereits beides. Deshalb liegt mein Augenmerk darauf, Euch diese Technologie sowie deren Zahlungsmittel etwas n\u00e4her zu bringen.\u00a0\u00a0<\/span><\/p>\n<p><span style=\"color: #000000;\">Sicher habt Ihr in den Medien schon einmal etwas vom\u00a0<strong>Bitcoin\u00a0<\/strong><span style=\"color: #000000;\">geh\u00f6rt. Dieser ist die erste Kryptow\u00e4hrung auf dieser Welt, entstanden durch die Finanzkrise 2007. L\u00e4nder wie Australien, Japan und Kanada haben Bitcoin schon als Zahlungsmittel anerkannt. Auch in der Schweiz und \u00d6sterreich ist das Zahlen mit Bitcoin weit fortgeschritten.<\/span><\/span><\/p>\n<p><span style=\"color: #000000;\">Auf der Seite\u00a0<strong>News\u00a0<\/strong><span style=\"color: #000000;\">erhaltet Ihr t\u00e4glich Informationen zur Blockchain-Technologie und Kryptow\u00e4hrungen rund um den Globus.<\/span><\/span><\/p>\n<p><span style=\"color: #000000;\">F\u00fcr Fragen stehe ich Ihnen gern telefonisch oder Mail zur Verf\u00fcgung.<\/span><\/p>\n<p>&nbsp;<\/p>\n<p>&nbsp;<\/p>\n<p>&nbsp;<\/p>\n<p>&nbsp;<\/p>\n<p>&nbsp;<\/p>\n<p>&nbsp;<\/p>\n<p>&nbsp;<\/p>\n<p>&nbsp;<\/p>\n<p>&nbsp;<\/p>\n<p>&nbsp;<\/p>\n","protected":false},"excerpt":{"rendered":"<p>28.04.2026 \u00a0 \u00a0\u00a0 \u00a0 Sehr interessantes Gespr\u00e4ch \u00fcber die Souver\u00e4nit\u00e4t der BRD &nbsp; 22.03.2025 &#8211; Interessante Informationen zum Thema Finanzen! &nbsp; \u00a0 &nbsp; \u00a0 \u00a0 \u00a0 &nbsp; \u00a0 Aufkl\u00e4rung \u00fcber die AFD mit knallharten Fakten und Analysen &nbsp; &nbsp; &nbsp; &hellip; <a href=\"https:\/\/bato-marketing.de\/\">Weiterlesen <span class=\"meta-nav\">&rarr;<\/span><\/a><\/p>\n","protected":false},"author":1,"featured_media":0,"parent":0,"menu_order":1,"comment_status":"closed","ping_status":"closed","template":"","meta":{"_bos_mb_destination":[""],"footnotes":""},"class_list":["post-6","page","type-page","status-publish","hentry"],"_links":{"self":[{"href":"https:\/\/bato-marketing.de\/index.php\/wp-json\/wp\/v2\/pages\/6","targetHints":{"allow":["GET"]}}],"collection":[{"href":"https:\/\/bato-marketing.de\/index.php\/wp-json\/wp\/v2\/pages"}],"about":[{"href":"https:\/\/bato-marketing.de\/index.php\/wp-json\/wp\/v2\/types\/page"}],"author":[{"embeddable":true,"href":"https:\/\/bato-marketing.de\/index.php\/wp-json\/wp\/v2\/users\/1"}],"replies":[{"embeddable":true,"href":"https:\/\/bato-marketing.de\/index.php\/wp-json\/wp\/v2\/comments?post=6"}],"version-history":[{"count":1498,"href":"https:\/\/bato-marketing.de\/index.php\/wp-json\/wp\/v2\/pages\/6\/revisions"}],"predecessor-version":[{"id":6100,"href":"https:\/\/bato-marketing.de\/index.php\/wp-json\/wp\/v2\/pages\/6\/revisions\/6100"}],"wp:attachment":[{"href":"https:\/\/bato-marketing.de\/index.php\/wp-json\/wp\/v2\/media?parent=6"}],"curies":[{"name":"wp","href":"https:\/\/api.w.org\/{rel}","templated":true}]}}