{"id":6033,"date":"2026-03-28T19:44:15","date_gmt":"2026-03-28T17:44:15","guid":{"rendered":"https:\/\/bato-marketing.de\/?page_id=6033"},"modified":"2026-05-09T21:23:23","modified_gmt":"2026-05-09T19:23:23","slug":"polartensor-neu","status":"publish","type":"page","link":"https:\/\/bato-marketing.de\/index.php\/polartensor-neu\/","title":{"rendered":"PolarTensor (NEU)"},"content":{"rendered":"<h1><\/h1>\n<h1><a href=\"https:\/\/bato-marketing.de\/wp-content\/uploads\/2026\/04\/Screenshot-2026-04-04-190422-1.png\"><img loading=\"lazy\" decoding=\"async\" class=\"alignnone wp-image-6051\" src=\"https:\/\/bato-marketing.de\/wp-content\/uploads\/2026\/04\/Screenshot-2026-04-04-190422-1-300x60.png\" alt=\"\" width=\"545\" height=\"109\" srcset=\"https:\/\/bato-marketing.de\/wp-content\/uploads\/2026\/04\/Screenshot-2026-04-04-190422-1-300x60.png 300w, https:\/\/bato-marketing.de\/wp-content\/uploads\/2026\/04\/Screenshot-2026-04-04-190422-1-1024x206.png 1024w, https:\/\/bato-marketing.de\/wp-content\/uploads\/2026\/04\/Screenshot-2026-04-04-190422-1-768x155.png 768w, https:\/\/bato-marketing.de\/wp-content\/uploads\/2026\/04\/Screenshot-2026-04-04-190422-1.png 1384w\" sizes=\"auto, (max-width: 545px) 100vw, 545px\" \/><\/a><\/h1>\n<p>Seit 15.03.2026 teste ich einen Anbieter, welcher KI-Trading durchf\u00fchrt.\u00a0 \u00a0 \u00a0 \u00a0 \u00a0 \u00a0 \u00a0 \u00a0 \u00a0 \u00a0 \u00a0 Getradet wird von Montag bis Freitag, die Aussch\u00fcttungen der Gewinne erfolgen dann immer Freitag Abend.\u00a0 \u00a0 \u00a0 \u00a0 \u00a0 \u00a0 \u00a0 \u00a0 \u00a0 \u00a0 \u00a0 \u00a0 \u00a0 \u00a0 \u00a0 \u00a0 \u00a0 \u00a0 \u00a0 \u00a0 \u00a0 \u00a0 \u00a0 \u00a0 \u00a0 \u00a0 \u00a0 \u00a0 \u00a0 \u00a0 \u00a0 \u00a0 \u00a0 \u00a0 \u00a0 \u00a0 \u00a0 \u00a0 \u00a0 \u00a0 \u00a0 \u00a0 \u00a0 \u00a0 \u00a0 \u00a0 \u00a0 \u00a0 \u00a0 \u00a0 \u00a0 \u00a0 \u00a0 \u00a0 \u00a0 Einzahlungen k\u00f6nnen in Kryptow\u00e4hrungen bzw. Fiatgeld get\u00e4tigt werden. Weitere Informationen findet Ihr auf der Website.<\/p>\n<p><a href=\"https:\/\/bato-marketing.de\/wp-content\/uploads\/2026\/04\/Screenshot-2026-04-04-192749.png\"><img loading=\"lazy\" decoding=\"async\" class=\"alignnone wp-image-6059\" src=\"https:\/\/bato-marketing.de\/wp-content\/uploads\/2026\/04\/Screenshot-2026-04-04-192749-300x165.png\" alt=\"\" width=\"500\" height=\"275\" srcset=\"https:\/\/bato-marketing.de\/wp-content\/uploads\/2026\/04\/Screenshot-2026-04-04-192749-300x165.png 300w, https:\/\/bato-marketing.de\/wp-content\/uploads\/2026\/04\/Screenshot-2026-04-04-192749-1024x564.png 1024w, https:\/\/bato-marketing.de\/wp-content\/uploads\/2026\/04\/Screenshot-2026-04-04-192749-768x423.png 768w, https:\/\/bato-marketing.de\/wp-content\/uploads\/2026\/04\/Screenshot-2026-04-04-192749.png 1396w\" sizes=\"auto, (max-width: 500px) 100vw, 500px\" \/><\/a><\/p>\n<p>Im Monat April lag die Rendite bei\u00a0<strong>11,35%.<\/strong><\/p>\n<ol>\n<li>Woche im Mai &#8211; Rendite\u00a0<strong>2,52%<\/strong><\/li>\n<\/ol>\n<p>Die t\u00e4glichen Trading-Ergebnisse sind im Account detailliert dargestellt. Auch das t\u00e4gliche Trading kann man Live im Account verfolgen.<\/p>\n<p>Wer das KI-Traden Testen m\u00f6chte, kann sich gern unter folgenden Link:<\/p>\n<p><a href=\"https:\/\/polar-tensor.com\/sign\/up\/batozeven\">https:\/\/polar-tensor.com\/sign\/up\/batozeven<\/a><\/p>\n<p>anmelden.<\/p>\n<p>Ich werde Euch w\u00f6chentlich \u00fcber die Trading-Aussch\u00fcttungen informieren.<\/p>\n<p><strong>Viel Erfolg.<\/strong><\/p>\n<p>&nbsp;<\/p>\n<p><a href=\"https:\/\/bato-marketing.de\/wp-content\/uploads\/2026\/04\/Screenshot-2026-04-04-191814.png\"><img loading=\"lazy\" decoding=\"async\" class=\"alignnone wp-image-6054\" src=\"https:\/\/bato-marketing.de\/wp-content\/uploads\/2026\/04\/Screenshot-2026-04-04-191814-300x159.png\" alt=\"\" width=\"498\" height=\"264\" srcset=\"https:\/\/bato-marketing.de\/wp-content\/uploads\/2026\/04\/Screenshot-2026-04-04-191814-300x159.png 300w, https:\/\/bato-marketing.de\/wp-content\/uploads\/2026\/04\/Screenshot-2026-04-04-191814-1024x544.png 1024w, https:\/\/bato-marketing.de\/wp-content\/uploads\/2026\/04\/Screenshot-2026-04-04-191814-768x408.png 768w, https:\/\/bato-marketing.de\/wp-content\/uploads\/2026\/04\/Screenshot-2026-04-04-191814.png 1392w\" sizes=\"auto, (max-width: 498px) 100vw, 498px\" \/><\/a><\/p>\n<p><a href=\"https:\/\/bato-marketing.de\/wp-content\/uploads\/2026\/04\/Screenshot-2026-04-04-191922.png\"><img loading=\"lazy\" decoding=\"async\" class=\"alignnone wp-image-6055\" src=\"https:\/\/bato-marketing.de\/wp-content\/uploads\/2026\/04\/Screenshot-2026-04-04-191922-300x146.png\" alt=\"\" width=\"498\" height=\"242\" srcset=\"https:\/\/bato-marketing.de\/wp-content\/uploads\/2026\/04\/Screenshot-2026-04-04-191922-300x146.png 300w, https:\/\/bato-marketing.de\/wp-content\/uploads\/2026\/04\/Screenshot-2026-04-04-191922-1024x499.png 1024w, https:\/\/bato-marketing.de\/wp-content\/uploads\/2026\/04\/Screenshot-2026-04-04-191922-768x374.png 768w, https:\/\/bato-marketing.de\/wp-content\/uploads\/2026\/04\/Screenshot-2026-04-04-191922.png 1391w\" sizes=\"auto, (max-width: 498px) 100vw, 498px\" \/><\/a><\/p>\n<p><a href=\"https:\/\/bato-marketing.de\/wp-content\/uploads\/2026\/04\/Screenshot-2026-04-04-192706.png\"><img loading=\"lazy\" decoding=\"async\" class=\"alignnone wp-image-6058\" src=\"https:\/\/bato-marketing.de\/wp-content\/uploads\/2026\/04\/Screenshot-2026-04-04-192706-300x154.png\" alt=\"\" width=\"499\" height=\"256\" srcset=\"https:\/\/bato-marketing.de\/wp-content\/uploads\/2026\/04\/Screenshot-2026-04-04-192706-300x154.png 300w, https:\/\/bato-marketing.de\/wp-content\/uploads\/2026\/04\/Screenshot-2026-04-04-192706-1024x524.png 1024w, https:\/\/bato-marketing.de\/wp-content\/uploads\/2026\/04\/Screenshot-2026-04-04-192706-768x393.png 768w, https:\/\/bato-marketing.de\/wp-content\/uploads\/2026\/04\/Screenshot-2026-04-04-192706.png 1395w\" sizes=\"auto, (max-width: 499px) 100vw, 499px\" \/><\/a><\/p>\n","protected":false},"excerpt":{"rendered":"<p>Seit 15.03.2026 teste ich einen Anbieter, welcher KI-Trading durchf\u00fchrt.\u00a0 \u00a0 \u00a0 \u00a0 \u00a0 \u00a0 \u00a0 \u00a0 \u00a0 \u00a0 \u00a0 Getradet wird von Montag bis Freitag, die Aussch\u00fcttungen der Gewinne erfolgen dann immer Freitag Abend.\u00a0 \u00a0 \u00a0 \u00a0 \u00a0 \u00a0 \u00a0 &hellip; <a href=\"https:\/\/bato-marketing.de\/index.php\/polartensor-neu\/\">Weiterlesen <span class=\"meta-nav\">&rarr;<\/span><\/a><\/p>\n","protected":false},"author":1,"featured_media":0,"parent":0,"menu_order":0,"comment_status":"closed","ping_status":"closed","template":"","meta":{"_bos_mb_destination":[""],"footnotes":""},"class_list":["post-6033","page","type-page","status-publish","hentry"],"_links":{"self":[{"href":"https:\/\/bato-marketing.de\/index.php\/wp-json\/wp\/v2\/pages\/6033","targetHints":{"allow":["GET"]}}],"collection":[{"href":"https:\/\/bato-marketing.de\/index.php\/wp-json\/wp\/v2\/pages"}],"about":[{"href":"https:\/\/bato-marketing.de\/index.php\/wp-json\/wp\/v2\/types\/page"}],"author":[{"embeddable":true,"href":"https:\/\/bato-marketing.de\/index.php\/wp-json\/wp\/v2\/users\/1"}],"replies":[{"embeddable":true,"href":"https:\/\/bato-marketing.de\/index.php\/wp-json\/wp\/v2\/comments?post=6033"}],"version-history":[{"count":16,"href":"https:\/\/bato-marketing.de\/index.php\/wp-json\/wp\/v2\/pages\/6033\/revisions"}],"predecessor-version":[{"id":6116,"href":"https:\/\/bato-marketing.de\/index.php\/wp-json\/wp\/v2\/pages\/6033\/revisions\/6116"}],"wp:attachment":[{"href":"https:\/\/bato-marketing.de\/index.php\/wp-json\/wp\/v2\/media?parent=6033"}],"curies":[{"name":"wp","href":"https:\/\/api.w.org\/{rel}","templated":true}]}}