{"id":645,"date":"2017-03-15T22:12:06","date_gmt":"2017-03-15T20:12:06","guid":{"rendered":"http:\/\/bato-marketing.de\/?page_id=645"},"modified":"2026-04-05T17:54:20","modified_gmt":"2026-04-05T15:54:20","slug":"news","status":"publish","type":"page","link":"https:\/\/bato-marketing.de\/index.php\/news\/","title":{"rendered":"NEWS"},"content":{"rendered":"<h2 style=\"text-align: center;\"><strong><span style=\"color: #ff0000;\">T\u00e4glich<\/span><span style=\"color: #ff0000;\"> neue Informationen zur Blockchain-Technologie<\/span><\/strong><\/h2>\n<h2 style=\"text-align: center;\"><strong><span style=\"color: #ff0000;\">und<\/span><span style=\"color: #ff0000;\"> deren Kryptow\u00e4hrungen<\/span><\/strong><\/h2>\n<p><strong>WICHTIG:\u00a0<\/strong><\/p>\n<p><span style=\"color: #000000;\">Aktuelle Informationen zu Kryptow\u00e4hrungen erhalten Sie in den folgenden News. Diese stammen aus der unabh\u00e4ngigen Online Plattform <strong>BTC-ECHO\u00a0<\/strong>bzw. <strong>Coincierge.<\/strong> Sie k\u00f6nnen sich bei diesem Portal kostenlos f\u00fcr den Newsletter registrieren und erhalten diese t\u00e4glich per E-Mail. Nat\u00fcrlich k\u00f6nnen Sie die News auch weiterhin auf meiner Website verfolgen.<\/span><\/p>\n<h2 data-blogger-escaped-style=\"background-color: white; box-sizing: border-box; font-family: Raleway, &quot;Helvetica Neue&quot;, Helvetica, Arial, sans-serif; line-height: 1.6em; margin-bottom: 10.5px;\"><strong>Die<\/strong>\u00a0<strong>wichtigsten News zu Blockchain und Krypto<\/strong><\/h2>\n<p><strong>Einige Plattformen stellen um, News von Montag bis Freitag. Daher wird es in Zukunft am Wochenende nur noch News nach Verf\u00fcgbarkeit geben.<\/strong><\/p>\n<p><strong>05.04.2026\u00a0 <a href=\"https:\/\/www.btc-echo.de\/schlagzeilen\/altcoins-bieten-attraktive-kurse-fur-krypto-anleger-228420\/\">Grayscale Report: Die 5 Altcoins bieten jetzt attraktive Einstiegsm\u00f6glichkeiten<\/a>\u00a0 \u00a0 \u00a0 \u00a0 \u00a0 \u00a0 \u00a0 \u00a0 \u00a0 \u00a0 \u00a0 \u00a0 \u00a0 \u00a0 \u00a0 \u00a0 \u00a0 \u00a0 \u00a0 \u00a0 \u00a0 \u00a0 \u00a0 \u00a0 \u00a0 \u00a0 \u00a0 \u00a0 \u00a0 \u00a0 \u00a0 \u00a0 \u00a0 \u00a0 \u00a0 \u00a0 \u00a0 \u00a0 \u00a0 \u00a0 \u00a0 \u00a0 \u00a0 \u00a0 \u00a0 \u00a0 \u00a0 \u00a0 \u00a0 \u00a0 \u00a0 \u00a0 <a href=\"https:\/\/www.btc-echo.de\/schlagzeilen\/ki-disruption-bitcoin-mining-riese-entlasst-mitarbeiter-228430\/\">Bitcoin-Mining-Riese entl\u00e4sst 15% der Mitarbeiter<\/a>\u00a0 \u00a0 \u00a0 \u00a0 \u00a0 \u00a0 \u00a0 \u00a0 \u00a0 \u00a0 \u00a0 \u00a0 \u00a0 \u00a0 \u00a0 \u00a0 \u00a0 \u00a0 \u00a0 \u00a0 \u00a0 \u00a0 \u00a0 \u00a0 \u00a0 \u00a0 \u00a0 \u00a0 <a href=\"https:\/\/www.btc-echo.de\/news\/das-sind-die-5-wichtigsten-krypto-news-der-woche-49-228335\/\">Die wichtigsten Krypto News der Woche<\/a>\u00a0 \u00a0\u00a0<\/strong><\/p>\n<p><strong>04.04.2026\u00a0 <a href=\"https:\/\/www.btc-echo.de\/news\/bitcoin-kurs-warum-der-markt-aktuell-nicht-zur-ruhe-kommt-228178\/\">Warum der Krypto Markt aktuell nicht zur Ruhe kommt<\/a>\u00a0 \u00a0 \u00a0 \u00a0 \u00a0 \u00a0 \u00a0 \u00a0 \u00a0 <a href=\"https:\/\/www.btc-echo.de\/schlagzeilen\/coinbase-erhalt-lizenz-schub-fur-krypto-228396\/\">Coinbase erh\u00e4lt OCC-Lizenz: Neuer Schub f\u00fcr Krypto in den USA<\/a>\u00a0 \u00a0<\/strong><\/p>\n<p><strong>03.04.2026\u00a0 <a href=\"https:\/\/www.btc-echo.de\/schlagzeilen\/maximum-pain-analysten-sehen-bitcoin-boden-erreicht-228333\/\">Wale verlassen den Markt: Hat Bitcoin seinen Boden erreicht?<\/a>\u00a0 \u00a0 <a href=\"https:\/\/www.btc-echo.de\/schlagzeilen\/riot-verkauft-3-778-bitcoin-miner-stossen-btc-in-milliardenhoehe-ab-228369\/\">Verkaufe nehmen zu: Miner sto\u00dfen BTC in Milliardenh\u00f6he ab<\/a>\u00a0 \u00a0\u00a0<\/strong><\/p>\n<p><strong>02.04.2026\u00a0 <a href=\"https:\/\/www.btc-echo.de\/schlagzeilen\/trump-droht-erneut-militaerisch-und-laesst-krypto-kurse-deutlich-einbrechen-228294\/\">Neue Unruhen setzen den Krypto Markt unter Druck<\/a>\u00a0 \u00a0 \u00a0 \u00a0 \u00a0 \u00a0 \u00a0 \u00a0 <a href=\"https:\/\/www.btc-echo.de\/schlagzeilen\/mega-hack-erschuettert-solana-drift-verliert-millionen-und-vertrauen-bricht-weg-228297\/\">Mega-Hack ersch\u00fcttert Solana<\/a>\u00a0 \u00a0 \u00a0 \u00a0 \u00a0 \u00a0 \u00a0 \u00a0 \u00a0 \u00a0 \u00a0 \u00a0 \u00a0 \u00a0 \u00a0 \u00a0 \u00a0 \u00a0 \u00a0 \u00a0 \u00a0 \u00a0 \u00a0 \u00a0 \u00a0 \u00a0 \u00a0 \u00a0 \u00a0 \u00a0 \u00a0 \u00a0 \u00a0 \u00a0 \u00a0 \u00a0 \u00a0 \u00a0 \u00a0 \u00a0 \u00a0 \u00a0 <a href=\"https:\/\/www.btc-echo.de\/news\/bitcoin-gold-entkopplung-als-kaufchance-228085\/\">Bitcoin entkoppelt sich von Gold<\/a>\u00a0 \u00a0 \u00a0 \u00a0 \u00a0 \u00a0 \u00a0 \u00a0 \u00a0 \u00a0 \u00a0 \u00a0 \u00a0 \u00a0 \u00a0 \u00a0 \u00a0 \u00a0 \u00a0 \u00a0 \u00a0 \u00a0 \u00a0 \u00a0 \u00a0 \u00a0 \u00a0 \u00a0 \u00a0 \u00a0 \u00a0 \u00a0 \u00a0 \u00a0 \u00a0 \u00a0 \u00a0 \u00a0 \u00a0 \u00a0 \u00a0 <a href=\"https:\/\/www.btc-echo.de\/news\/bitcoin-gold-entkopplung-als-kaufchance-228085\/\">Metaplanet kauft Bitcoin f\u00fcr 400 Millionen Dollar<\/a>\u00a0 \u00a0 \u00a0 \u00a0 \u00a0 \u00a0 \u00a0 \u00a0 \u00a0 \u00a0 \u00a0 \u00a0 \u00a0 \u00a0 \u00a0 \u00a0 \u00a0 \u00a0 \u00a0 \u00a0 \u00a0 \u00a0 <a href=\"https:\/\/www.btc-echo.de\/news\/bitcoin-gold-entkopplung-als-kaufchance-228085\/\">Chainlink: Milliarden-Partnerschaften mit Banken, doch der Kurs schw\u00e4chelt<\/a>\u00a0 \u00a0 \u00a0 \u00a0 \u00a0 \u00a0 \u00a0 \u00a0 \u00a0 \u00a0 \u00a0 \u00a0 \u00a0 \u00a0 \u00a0 \u00a0 \u00a0 \u00a0 \u00a0 \u00a0 \u00a0 \u00a0 \u00a0 \u00a0 \u00a0 \u00a0 \u00a0 \u00a0 \u00a0 \u00a0 \u00a0 \u00a0 \u00a0 \u00a0 \u00a0 \u00a0 \u00a0 \u00a0 \u00a0 \u00a0 \u00a0 \u00a0 \u00a0 \u00a0 \u00a0 \u00a0 \u00a0 \u00a0 \u00a0 \u00a0 \u00a0 \u00a0 \u00a0 \u00a0 \u00a0 \u00a0 \u00a0 \u00a0 \u00a0 \u00a0 \u00a0 \u00a0 \u00a0 \u00a0 \u00a0 \u00a0 <a href=\"https:\/\/www.btc-echo.de\/schlagzeilen\/krypto-regeln-in-bewegung-clarity-act-steht-vor-entscheidendem-fortschritt-228329\/\">Die Krypto-Regulierung in den USA steht vor einem wichtigen Schritt<\/a>\u00a0 \u00a0\u00a0<\/strong><\/p>\n<p><strong>01.04.2026\u00a0 <a href=\"https:\/\/www.btc-echo.de\/schlagzeilen\/ende-des-iran-kriegs-in-sicht-so-reagiert-bitcoin-228232\/\">Ende des Iran-Krieges in Sicht: So reagiert der Krypto Markt<\/a>\u00a0 <a href=\"https:\/\/www.btc-echo.de\/schlagzeilen\/kursplus-im-maerz-bitcoin-beendet-negativserie-kommt-jetzt-ein-bullisher-fruehling-228234\/\">Kursplus im M\u00e4rz: Bitcoin beendet Negativtrend<\/a>\u00a0 \u00a0 \u00a0 \u00a0 \u00a0 \u00a0 \u00a0 \u00a0 \u00a0 \u00a0 \u00a0 \u00a0 \u00a0 \u00a0 \u00a0 \u00a0 \u00a0 \u00a0 \u00a0 \u00a0 \u00a0 \u00a0 \u00a0 \u00a0 \u00a0 \u00a0 <a href=\"https:\/\/www.btc-echo.de\/news\/ethereum-foundation-sperrt-rekordsumme-fuer-staking-228249\/\">Ethereum Foundation sperrt Rekordsumme f\u00fcr das Staking<\/a>\u00a0 \u00a0\u00a0<\/strong><\/p>\n<p><strong>30.03.2026\u00a0 <a href=\"https:\/\/www.btc-echo.de\/schlagzeilen\/bitcoin-anleger-angespannt-angst-dominiert-den-krypto-markt-228120\/\">Der Krypto Markt bleibt angespannt<\/a>\u00a0 \u00a0 \u00a0 \u00a0 \u00a0 \u00a0 \u00a0 \u00a0 \u00a0 \u00a0 \u00a0 \u00a0 \u00a0 \u00a0 \u00a0 \u00a0 \u00a0 \u00a0 \u00a0 \u00a0 \u00a0 \u00a0 \u00a0 \u00a0 \u00a0 <a href=\"https:\/\/www.btc-echo.de\/news\/bitcoin-mining-unter-druck-20-prozent-unrentabel-227943\/\">Bitcoin Mining unter Druck: Bis zu 20% offenbar unrentabel<\/a>\u00a0 \u00a0 \u00a0 \u00a0 \u00a0 \u00a0 \u00a0 \u00a0 \u00a0 \u00a0 \u00a0 \u00a0 \u00a0 \u00a0 \u00a0 \u00a0 \u00a0 <a href=\"https:\/\/coincierge.de\/news\/krypto-nachrichten-vorschau-3-dinge-die-diese-woche-wirklich-wichtig-werden\/\">3 Dinge, die diese Woche wichtig werden k\u00f6nnten<\/a>\u00a0 \u00a0\u00a0<\/strong><\/p>\n<p><strong>13. KW\u00a0 <a href=\"https:\/\/www.btc-echo.de\/schlagzeilen\/bitcoin-schlaegt-inflation-deutlich-bitmine-ceo-sieht-klare-ueberlegenheit-gegenueber-gold-228079\/\">Bitcoin schl\u00e4gt Inflation deutlich<\/a>\u00a0 \u00a0 \u00a0 \u00a0 \u00a0 \u00a0 \u00a0 \u00a0 \u00a0 \u00a0 \u00a0 \u00a0 \u00a0 \u00a0 \u00a0 \u00a0 \u00a0 \u00a0 \u00a0 \u00a0 \u00a0 \u00a0 \u00a0 \u00a0 \u00a0 \u00a0 \u00a0 \u00a0\u00a0 \u00a0\u00a0 \u00a0\u00a0 <a href=\"https:\/\/coincierge.de\/news\/solana-developer-platform-gestartet-mastercard-western-union-co-bullisch-fuer-sol\/\">Solana Developer Plattform gestartet: Mastercard, Western Union &amp; Co. bullisch f\u00fcr SOL<\/a>\u00a0 \u00a0 \u00a0 \u00a0 \u00a0 \u00a0 \u00a0 \u00a0 \u00a0 \u00a0 \u00a0 \u00a0 \u00a0 \u00a0 \u00a0 \u00a0 \u00a0 \u00a0 \u00a0 \u00a0 \u00a0 \u00a0 \u00a0 \u00a0 \u00a0 \u00a0 \u00a0\u00a0 \u00a0\u00a0 \u00a0\u00a0 \u00a0\u00a0 \u00a0\u00a0 \u00a0\u00a0 \u00a0\u00a0 \u00a0\u00a0 \u00a0\u00a0 \u00a0\u00a0 \u00a0\u00a0 \u00a0\u00a0 \u00a0\u00a0 \u00a0\u00a0 \u00a0\u00a0 \u00a0\u00a0 \u00a0\u00a0 \u00a0\u00a0 \u00a0\u00a0 \u00a0\u00a0 \u00a0\u00a0 \u00a0\u00a0 \u00a0\u00a0 <a href=\"https:\/\/www.btc-echo.de\/news\/das-sind-die-5-wichtigsten-krypto-news-der-woche-48-227860\/\">Die wichtigsten Krypto News der Woche<\/a>\u00a0 \u00a0\u00a0 \u00a0\u00a0 \u00a0\u00a0 \u00a0\u00a0 \u00a0\u00a0 \u00a0\u00a0 \u00a0\u00a0 \u00a0\u00a0 \u00a0\u00a0 \u00a0\u00a0 \u00a0\u00a0 \u00a0\u00a0 \u00a0\u00a0 \u00a0\u00a0 \u00a0\u00a0 \u00a0\u00a0 \u00a0\u00a0 \u00a0\u00a0 \u00a0\u00a0 <\/strong><strong><a href=\"https:\/\/www.btc-echo.de\/schlagzeilen\/bitcoin-kurs-unter-druck-wegen-iran-und-zinsen-228059\/\">Marktupdate: Viele Faktoren belasten derzeit den Krypto Markt<\/a>\u00a0 <a href=\"https:\/\/www.btc-echo.de\/schlagzeilen\/donald-trump-will-usa-als-bitcoin-supermacht-228066\/\">Trump erneuert Versprechen: USA soll Bitcoin-Supermacht werden<\/a>\u00a0 \u00a0\u00a0 \u00a0\u00a0 \u00a0\u00a0 \u00a0\u00a0 \u00a0\u00a0 <\/strong><strong><a href=\"https:\/\/www.btc-echo.de\/schlagzeilen\/nahostkonflikt-inflationsangst-schickt-bitcoin-auf-talfahrt-227978\/\">Inflationsangst schickt Krypto Markt auf Talfahrt<\/a>\u00a0 \u00a0 \u00a0 \u00a0 \u00a0 \u00a0 \u00a0 \u00a0 \u00a0 \u00a0 \u00a0 \u00a0\u00a0 \u00a0\u00a0 \u00a0\u00a0 \u00a0\u00a0 \u00a0\u00a0 \u00a0\u00a0 \u00a0\u00a0 \u00a0\u00a0 <a href=\"https:\/\/www.btc-echo.de\/schlagzeilen\/iran-krieg-bitcoin-und-gold-228007\/\">Bitcoin Performance schl\u00e4gt Gold<\/a>\u00a0 \u00a0\u00a0 \u00a0\u00a0 \u00a0\u00a0 \u00a0\u00a0 \u00a0\u00a0 \u00a0\u00a0 \u00a0\u00a0 \u00a0\u00a0 \u00a0\u00a0 \u00a0\u00a0 \u00a0\u00a0 \u00a0\u00a0 \u00a0\u00a0 \u00a0\u00a0 \u00a0\u00a0 \u00a0\u00a0 \u00a0\u00a0 \u00a0\u00a0 \u00a0\u00a0 \u00a0\u00a0 \u00a0\u00a0 \u00a0\u00a0 \u00a0\u00a0 \u00a0\u00a0 \u00a0\u00a0 <\/strong><strong><a href=\"https:\/\/www.btc-echo.de\/schlagzeilen\/krypto-boersen-verlieren-fast-90-000-bitcoin-227915\/\">Anleger auf der Flucht: Krypto B\u00f6rsen verlieren fast 90.000 Bitcoin<\/a>\u00a0 \u00a0 \u00a0 \u00a0 \u00a0 \u00a0 \u00a0 \u00a0 \u00a0 \u00a0 <a href=\"https:\/\/www.btc-echo.de\/schlagzeilen\/bitcoin-etf-von-morgan-stanley-unmittelbar-vor-dem-start-227930\/\">Bitcoin ETF von Morgan Stanley kurz vor dem Start<\/a>\u00a0 \u00a0\u00a0 \u00a0\u00a0 \u00a0\u00a0 \u00a0\u00a0 \u00a0\u00a0 \u00a0\u00a0 \u00a0\u00a0 \u00a0\u00a0 \u00a0\u00a0 \u00a0\u00a0 \u00a0\u00a0 \u00a0\u00a0 <\/strong><strong><a href=\"https:\/\/www.btc-echo.de\/schlagzeilen\/bitcoin-erholung-verpufft-nach-trumps-bluff-227755\/\">Verpufft die Bitcoin Erholung im Nahost-Konflikt<\/a>\u00a0 \u00a0 \u00a0 \u00a0 \u00a0 \u00a0 \u00a0 \u00a0 \u00a0 \u00a0 \u00a0 \u00a0 \u00a0\u00a0 \u00a0\u00a0 \u00a0\u00a0 \u00a0\u00a0 \u00a0\u00a0 \u00a0\u00a0 <a href=\"https:\/\/www.btc-echo.de\/schlagzeilen\/bitmine-kauft-weitere-65-341-eth-227785\/\">Bitmine kauft weitere 65.341 Ethereum<\/a>\u00a0 \u00a0 \u00a0 \u00a0 \u00a0 \u00a0 \u00a0 \u00a0 \u00a0 \u00a0 \u00a0 \u00a0 \u00a0 \u00a0 \u00a0 \u00a0 \u00a0 \u00a0 \u00a0 \u00a0 \u00a0 \u00a0 \u00a0 \u00a0 \u00a0 \u00a0 \u00a0 \u00a0 \u00a0 \u00a0 \u00a0 \u00a0 \u00a0 \u00a0 <a href=\"https:\/\/coincierge.de\/news\/bullische-krypto-news-von-swift-25-banken-setzen-auf-krypto\/\">Bullische Krypto News: 25 Banken setzen auf Krypto<\/a>\u00a0 \u00a0\u00a0 \u00a0\u00a0 \u00a0\u00a0 \u00a0\u00a0 \u00a0\u00a0 \u00a0\u00a0 \u00a0\u00a0 \u00a0\u00a0 \u00a0\u00a0 \u00a0\u00a0 \u00a0\u00a0 \u00a0\u00a0 \u00a0\u00a0 \u00a0\u00a0 <\/strong><strong><a href=\"https:\/\/www.btc-echo.de\/schlagzeilen\/trump-verschiebt-iran-angriffe-bitcoin-aktien-schiessen-in-die-hoehe-227717\/\">USA verschieben Iran Angriff: Aktien und Bitcoin schie\u00dfen in die H\u00f6he<\/a>\u00a0 \u00a0 \u00a0 \u00a0 \u00a0 \u00a0 \u00a0 <a href=\"https:\/\/www.btc-echo.de\/schlagzeilen\/bitcoin-kaufrausch-ohne-limit-microstrategy-227742\/\">Immer wieder Montags: Strategy kauft weitere Bitcoin<\/a>\u00a0 \u00a0 \u00a0 \u00a0 \u00a0 \u00a0 \u00a0 \u00a0 \u00a0 \u00a0 \u00a0 \u00a0 \u00a0 \u00a0 \u00a0 \u00a0 \u00a0 \u00a0 \u00a0 \u00a0 \u00a0 \u00a0 \u00a0 \u00a0 <a href=\"https:\/\/coincierge.de\/news\/grosser-crash-bei-gold-silber-profitiert-bitcoin-weiter\/\">Crash bei Gold &amp; Silber: Profitiert Bitcoin weiter?\u00a0<\/a> \u00a0\u00a0<\/strong><\/p>\n<p><strong>12. KW\u00a0 <a href=\"https:\/\/www.btc-echo.de\/schlagzeilen\/bitcoin-faellt-nach-donald-trump-ultimatum-227670\/\">Nach US-Ultimatum an den Iran &#8211; Krypto Markt gibt nach<\/a>\u00a0 \u00a0 <a href=\"https:\/\/www.btc-echo.de\/schlagzeilen\/krypto-branche-von-entlassungswelle-erfasst-227665\/\">Zahlreiche Stellenstreichungen in der Krypto-Branche<\/a>\u00a0 \u00a0 \u00a0 \u00a0 \u00a0 \u00a0 \u00a0 \u00a0 \u00a0 \u00a0 \u00a0 \u00a0 \u00a0 \u00a0 \u00a0 \u00a0 <a href=\"https:\/\/www.btc-echo.de\/schlagzeilen\/ethereum-wal-kehrt-zurueck-227662\/\">Ethereum-Wal kehrt zur\u00fcck und investiert Millionen\u00a0<\/a>\u00a0 \u00a0 \u00a0 \u00a0 \u00a0 \u00a0 \u00a0 \u00a0 \u00a0 \u00a0 \u00a0 \u00a0 \u00a0 \u00a0 \u00a0 \u00a0 \u00a0 \u00a0 \u00a0 \u00a0 <a href=\"https:\/\/coincierge.de\/news\/hedera-prognose-vom-22-maerz-2026-die-enterprise-rakete-startet-durch\/\">HBAR-Prognose &#8211; Ein Coin der unter dem Radar fliegt<\/a>\u00a0 \u00a0 \u00a0 \u00a0 \u00a0 \u00a0 \u00a0 \u00a0 \u00a0 \u00a0 \u00a0 \u00a0 \u00a0 \u00a0 \u00a0 \u00a0 \u00a0 \u00a0 \u00a0 \u00a0 \u00a0 \u00a0 <a href=\"https:\/\/www.btc-echo.de\/news\/krypto-news-der-woche-marz4-227648\/\">Die wichtigsten Krypto News der Woche<\/a>\u00a0 \u00a0\u00a0 \u00a0\u00a0 \u00a0\u00a0 \u00a0\u00a0 \u00a0\u00a0 \u00a0\u00a0 \u00a0\u00a0 \u00a0\u00a0 \u00a0\u00a0 \u00a0\u00a0 \u00a0\u00a0 \u00a0\u00a0 \u00a0\u00a0 \u00a0\u00a0 \u00a0\u00a0 \u00a0\u00a0 \u00a0\u00a0 \u00a0\u00a0 \u00a0\u00a0 \u00a0\u00a0 \u00a0\u00a0 <\/strong><strong><a href=\"https:\/\/www.btc-echo.de\/schlagzeilen\/oel-und-zinssorgen-belasten-den-bitcoin-markt-227645\/\">Bitcoin wieder \u00fcber 70.000 Dollar &#8211; Geopolitische Spannungen halten dem Krypto Markt weiter unter Druck<\/a>\u00a0 \u00a0 \u00a0 \u00a0 \u00a0 \u00a0 \u00a0 \u00a0 \u00a0 \u00a0 \u00a0 \u00a0 \u00a0 \u00a0 \u00a0 \u00a0 \u00a0 \u00a0 \u00a0 \u00a0 \u00a0 \u00a0 \u00a0 \u00a0 \u00a0 \u00a0 \u00a0 \u00a0 \u00a0 \u00a0 \u00a0 \u00a0 \u00a0\u00a0 \u00a0\u00a0 \u00a0\u00a0 \u00a0\u00a0 \u00a0\u00a0 \u00a0\u00a0 \u00a0\u00a0 <a href=\"https:\/\/www.btc-echo.de\/schlagzeilen\/us-krypto-regulierung-vor-durchbruch-227639\/\">US-Krypto-Regulierung vor dem Durchbruch<\/a>\u00a0 \u00a0 \u00a0 \u00a0 \u00a0 \u00a0 \u00a0 \u00a0 \u00a0 \u00a0 \u00a0 \u00a0 \u00a0 \u00a0 \u00a0 \u00a0 \u00a0 \u00a0 \u00a0 \u00a0 \u00a0 \u00a0 \u00a0 \u00a0 \u00a0 \u00a0 \u00a0 <a href=\"https:\/\/www.btc-echo.de\/news\/bitcoin-kaufen-bitpanda-coinbase-und-bitvavo-im-vergleich-227571\/\">Bitcoin kaufen: Bitpanda, Coinbase &amp; Co. im Vergleich<\/a>\u00a0 \u00a0\u00a0 \u00a0\u00a0 \u00a0\u00a0 \u00a0\u00a0 \u00a0\u00a0 \u00a0\u00a0 \u00a0\u00a0 \u00a0\u00a0 \u00a0\u00a0 \u00a0\u00a0 \u00a0\u00a0 <\/strong><strong><a href=\"https:\/\/www.btc-echo.de\/schlagzeilen\/krypto-markt-unter-druck-kann-bitcoin-70-000-dollar-halten-227562\/\">Krypto Markt wieder unter Druck<\/a>\u00a0 \u00a0 \u00a0 \u00a0 \u00a0 \u00a0 \u00a0 \u00a0 \u00a0 \u00a0 \u00a0 \u00a0 \u00a0 \u00a0 \u00a0 \u00a0 \u00a0 \u00a0 \u00a0 \u00a0 \u00a0 \u00a0 \u00a0 \u00a0 \u00a0 \u00a0 \u00a0\u00a0 \u00a0\u00a0 \u00a0\u00a0 \u00a0\u00a0 \u00a0\u00a0 \u00a0\u00a0 \u00a0\u00a0 \u00a0\u00a0 <a href=\"https:\/\/www.btc-echo.de\/news\/olhandel-blockchain-warum-hyperliquid-vom-olboom-profitiert-227495\/\">Warum Hyperliquid vom \u00d6lboom profitiert<\/a>\u00a0 \u00a0\u00a0 \u00a0\u00a0 \u00a0\u00a0 \u00a0\u00a0 \u00a0\u00a0 \u00a0\u00a0 \u00a0\u00a0 \u00a0\u00a0 \u00a0\u00a0 \u00a0\u00a0 \u00a0\u00a0 \u00a0\u00a0 \u00a0\u00a0 \u00a0\u00a0 \u00a0\u00a0 \u00a0\u00a0 \u00a0\u00a0 \u00a0\u00a0 \u00a0\u00a0 \u00a0\u00a0 <\/strong><strong><a href=\"https:\/\/www.btc-echo.de\/schlagzeilen\/bitcoin-unter-70k-fed-warnt-vor-inflation-227472\/\">FED bel\u00e4sst den Leitzins unver\u00e4ndert<\/a>\u00a0 \u00a0 \u00a0 \u00a0 \u00a0 \u00a0 \u00a0 \u00a0 \u00a0 \u00a0 \u00a0 \u00a0 \u00a0 \u00a0 \u00a0 \u00a0 \u00a0 \u00a0 \u00a0 \u00a0 \u00a0 \u00a0 \u00a0 \u00a0 \u00a0\u00a0 \u00a0\u00a0 \u00a0\u00a0 \u00a0\u00a0 \u00a0\u00a0 \u00a0\u00a0 \u00a0\u00a0 \u00a0\u00a0 <a href=\"https:\/\/www.btc-echo.de\/news\/ezb-haelt-zinsen-stabil-was-der-leitzins-stillstand-fuer-bitcoin-und-krypto-bedeutet-227530\/\">Auch EZB senkt die Zinsen nicht<\/a>\u00a0 \u00a0 \u00a0 \u00a0 \u00a0 \u00a0 \u00a0 \u00a0 \u00a0 \u00a0 \u00a0 \u00a0 \u00a0 \u00a0 \u00a0 \u00a0 \u00a0 \u00a0 \u00a0 \u00a0 \u00a0 \u00a0 \u00a0 \u00a0 \u00a0 \u00a0 \u00a0 \u00a0 \u00a0 \u00a0 \u00a0 \u00a0 \u00a0 \u00a0 \u00a0 \u00a0 \u00a0 \u00a0 \u00a0 \u00a0 <a href=\"https:\/\/coincierge.de\/news\/krypto-markt-unter-druck-warum-bitcoin-und-ethereum-heute-deutlich-fallen\/\">Krypto Markt unter Druck, da stark gehebelte Positionen liquidiert wurden<\/a>\u00a0 <\/strong><strong><a href=\"https:\/\/coincierge.de\/news\/fed-entscheidung-sorgt-fuer-spannung-am-kryptomarkt\/\">FED Entscheidung sorgt f\u00fcr Spannung am Krypto Markt<\/a>\u00a0 \u00a0 \u00a0\u00a0 \u00a0\u00a0 \u00a0\u00a0 \u00a0\u00a0 \u00a0\u00a0 \u00a0\u00a0 \u00a0\u00a0 \u00a0\u00a0 <a href=\"https:\/\/coincierge.de\/news\/xrp-zieht-an-binance-coin-bnb-vorbei-was-jetzt-wichtig-wird\/\">Bewegung am Krypto Markt: XRP zieht an BNB vorbei<\/a>\u00a0 \u00a0 \u00a0 \u00a0 \u00a0 \u00a0 \u00a0 \u00a0 \u00a0 \u00a0 \u00a0 \u00a0 \u00a0 \u00a0 \u00a0 \u00a0 \u00a0 \u00a0 \u00a0 \u00a0 \u00a0 <a href=\"https:\/\/www.btc-echo.de\/schlagzeilen\/sec-kurswechsel-kryptowaehrungen-sind-keine-wertpapiere-227389\/\">SEC Kurswechsel: Kryptow\u00e4hrungen sind keine Wertpapiere<\/a>\u00a0 \u00a0\u00a0 \u00a0\u00a0 \u00a0\u00a0 \u00a0\u00a0 \u00a0\u00a0 \u00a0\u00a0 <\/strong><strong><a href=\"https:\/\/www.btc-echo.de\/schlagzeilen\/bitcoin-unter-druck-wegen-fed-entscheid-227312\/\">Marktupdate: Warum Zinsentscheid der FED am 18.03.2026 wichtig werden k\u00f6nnte<\/a>\u00a0 \u00a0 \u00a0 \u00a0 \u00a0 \u00a0 \u00a0 \u00a0 \u00a0 \u00a0 \u00a0 \u00a0 \u00a0 \u00a0 \u00a0 \u00a0 \u00a0 \u00a0 \u00a0 \u00a0 \u00a0 \u00a0 \u00a0 \u00a0 \u00a0 \u00a0 \u00a0 \u00a0 \u00a0 \u00a0 \u00a0 \u00a0 \u00a0 \u00a0 \u00a0 \u00a0 \u00a0 \u00a0 \u00a0 \u00a0 \u00a0 \u00a0 \u00a0 \u00a0 \u00a0 \u00a0 \u00a0 \u00a0 \u00a0 \u00a0 \u00a0 \u00a0\u00a0 \u00a0\u00a0 \u00a0\u00a0 \u00a0\u00a0 \u00a0\u00a0 \u00a0\u00a0 \u00a0\u00a0 \u00a0\u00a0 \u00a0\u00a0 \u00a0\u00a0 <a href=\"https:\/\/www.btc-echo.de\/schlagzeilen\/paypal-skaliert-stablecoin-global-227366\/\">PayPal skaliert global &#8211; Mastercard greift an<\/a>\u00a0 \u00a0 \u00a0 \u00a0 \u00a0 \u00a0 \u00a0 \u00a0 \u00a0 \u00a0 \u00a0 \u00a0 \u00a0 \u00a0 \u00a0 \u00a0 \u00a0 \u00a0 \u00a0 \u00a0 \u00a0 \u00a0 \u00a0 \u00a0 \u00a0 \u00a0 \u00a0 \u00a0 \u00a0 \u00a0 \u00a0 <a href=\"https:\/\/coincierge.de\/news\/nvidia-zuendet-den-naechsten-ki-boost-diese-coins-ruecken-jetzt-ins-rampenlicht\/\">Nvidia z\u00fcndet &#8211; Diese Coins r\u00fccken ins Rampenlicht<\/a>\u00a0 \u00a0\u00a0 \u00a0\u00a0 \u00a0\u00a0 \u00a0\u00a0 \u00a0\u00a0 \u00a0\u00a0 \u00a0\u00a0 \u00a0\u00a0 \u00a0\u00a0 \u00a0\u00a0 \u00a0\u00a0 \u00a0\u00a0 \u00a0\u00a0 <\/strong><strong><a href=\"https:\/\/www.btc-echo.de\/schlagzeilen\/bitcoin-bei-74-000-us-dollar-short-squeeze-treibt-krypto-markt-an-227244\/\">Bitcoin bei 74.000 Dollar &#8211; Die Gr\u00fcnde<\/a>\u00a0 \u00a0 \u00a0 \u00a0 \u00a0 \u00a0 \u00a0 \u00a0 \u00a0 \u00a0 \u00a0 \u00a0 \u00a0 \u00a0 \u00a0 \u00a0 \u00a0 \u00a0 \u00a0 \u00a0 \u00a0 \u00a0 \u00a0 \u00a0 \u00a0\u00a0 \u00a0\u00a0 \u00a0\u00a0 \u00a0\u00a0 \u00a0\u00a0 \u00a0\u00a0 \u00a0\u00a0 \u00a0\u00a0 <a href=\"https:\/\/www.btc-echo.de\/schlagzeilen\/naechster-mega-kauf-strategy-227263\/\">Immer wieder Montags: N\u00e4chster Bitcoin Kauf von Strategy<\/a>\u00a0 \u00a0 \u00a0 \u00a0 \u00a0 \u00a0 \u00a0 \u00a0 \u00a0 \u00a0 \u00a0 \u00a0 <a href=\"https:\/\/www.btc-echo.de\/news\/warum-krypto-staking-oft-ein-risiko-ist-227246\/\">Krypto Staking: Hohe Renditen = hohes Risiko<\/a>\u00a0 \u00a0 \u00a0 \u00a0 \u00a0 \u00a0 \u00a0 \u00a0 \u00a0 \u00a0 \u00a0 \u00a0 \u00a0 \u00a0 \u00a0 \u00a0 \u00a0 \u00a0 \u00a0 \u00a0 \u00a0 \u00a0 \u00a0 \u00a0 \u00a0 \u00a0 \u00a0 \u00a0 <a href=\"https:\/\/www.btc-echo.de\/schlagzeilen\/bitcoin-outperformt-us-aktien-und-gold-trotz-iran-krieg-das-sind-die-gruende-227237\/\">Bitcoin outperformt Aktien und Gold trotz Iran-Krieg<\/a>\u00a0 \u00a0\u00a0<\/strong><\/p>\n","protected":false},"excerpt":{"rendered":"<p>T\u00e4glich neue Informationen zur Blockchain-Technologie und deren Kryptow\u00e4hrungen WICHTIG:\u00a0 Aktuelle Informationen zu Kryptow\u00e4hrungen erhalten Sie in den folgenden News. Diese stammen aus der unabh\u00e4ngigen Online Plattform BTC-ECHO\u00a0bzw. Coincierge. Sie k\u00f6nnen sich bei diesem Portal kostenlos f\u00fcr den Newsletter registrieren und &hellip; <a href=\"https:\/\/bato-marketing.de\/index.php\/news\/\">Weiterlesen <span class=\"meta-nav\">&rarr;<\/span><\/a><\/p>\n","protected":false},"author":1,"featured_media":0,"parent":0,"menu_order":0,"comment_status":"closed","ping_status":"closed","template":"","meta":{"_bos_mb_destination":[""],"footnotes":""},"class_list":["post-645","page","type-page","status-publish","hentry"],"_links":{"self":[{"href":"https:\/\/bato-marketing.de\/index.php\/wp-json\/wp\/v2\/pages\/645","targetHints":{"allow":["GET"]}}],"collection":[{"href":"https:\/\/bato-marketing.de\/index.php\/wp-json\/wp\/v2\/pages"}],"about":[{"href":"https:\/\/bato-marketing.de\/index.php\/wp-json\/wp\/v2\/types\/page"}],"author":[{"embeddable":true,"href":"https:\/\/bato-marketing.de\/index.php\/wp-json\/wp\/v2\/users\/1"}],"replies":[{"embeddable":true,"href":"https:\/\/bato-marketing.de\/index.php\/wp-json\/wp\/v2\/comments?post=645"}],"version-history":[{"count":2912,"href":"https:\/\/bato-marketing.de\/index.php\/wp-json\/wp\/v2\/pages\/645\/revisions"}],"predecessor-version":[{"id":6063,"href":"https:\/\/bato-marketing.de\/index.php\/wp-json\/wp\/v2\/pages\/645\/revisions\/6063"}],"wp:attachment":[{"href":"https:\/\/bato-marketing.de\/index.php\/wp-json\/wp\/v2\/media?parent=645"}],"curies":[{"name":"wp","href":"https:\/\/api.w.org\/{rel}","templated":true}]}}