{"id":804,"date":"2017-09-01T21:00:20","date_gmt":"2017-09-01T19:00:20","guid":{"rendered":"http:\/\/bato-marketing.de\/?page_id=804"},"modified":"2020-12-29T20:49:52","modified_gmt":"2020-12-29T18:49:52","slug":"blockchain","status":"publish","type":"page","link":"https:\/\/bato-marketing.de\/index.php\/blockchain\/","title":{"rendered":"Blockchain"},"content":{"rendered":"<h1 style=\"text-align: center;\"><strong><span style=\"color: #000000;\">Was ist die Blockchain ?<\/span><\/strong><\/h1>\n<p><span style=\"color: #000000;\"><strong>Die Blockchain ist eine dezentrale Datenbankstruktur bzw. ein digitales Register, das Transaktionen transparent verzeichnet. Sie dient als Grundlage vieler digitaler W\u00e4hrungen. Die besonderen Charakteristika der Blockchain-Technologie sind Dezentralit\u00e4t, Unver\u00e4nderlichkeit und Transparenz. H\u00e4ufig wird mit Blick auf die Dezentralit\u00e4t der Blockchain auch von Distributed Ledger Technology gesprochen.<\/strong><\/span><\/p>\n<p><span style=\"color: #000000;\">Be your own bank ist eine g\u00e4ngige Floskel in der Bitcoin- und Blockchain-Szene. Doch warum sollte man seine eigene Bank sein wollen? Manche Idealisten kritisieren am aktuellen Bankensystem, dass die Kontrolle \u00fcber das Geld zentral in den H\u00e4nden m\u00e4chtiger Institutionen liegt. Es stellt sich die Frage, ob ein derart zentralisiertes System auf Dauer sicher und vertrauensw\u00fcrdig sein kann. Wie etwa garantiert ein zentralisiertes System, dass an den Hauptb\u00fcchern keine Ver\u00e4nderungen vorgenommen werden? Wie sichert es sich gegen einen Unfall oder einen Cyberangriff (Telekom 2017) ab? Wie kann es gew\u00e4hrleisten, dass nur autorisierte Personen Zugriff auf sensible Daten bekommen?<\/span><\/p>\n<p><strong><span style=\"color: #ff0000;\">Solche Gefahren und Unsicherheiten k\u00f6nnten mit einer dezentralen L\u00f6sung reduziert, wenn nicht gar beseitigt werden.<\/span><\/strong><\/p>\n<p>&nbsp;<\/p>\n<h2><strong><span style=\"color: #000000;\">Blockchain f\u00fcr Einsteiger<\/span><\/strong><\/h2>\n<p><span style=\"color: #000000;\">Die Blockchain ist das R\u00fcckgrat von Bitcoin und den meisten anderen digitalen W\u00e4hrungen. Sie ist letztlich ein offen einsehbares Hauptbuch, das alle get\u00e4tigten Transaktionen transparent dokumentiert. Dieses Hauptbuch wird nicht zentral abgelegt, sondern auf vielen verschiedenen Computern \u2013 den sogenannten Nodes \u2013 gespeichert und aktualisiert. Die dezentrale Ablage und der Prozess des\u00a0<a title=\"Mining\" href=\"http:\/\/bitclub.network\/roba52\">Mining<\/a>\u00a0sorgen daf\u00fcr, dass eine Blockchain von keiner zentralen Autorit\u00e4t verwaltet werden muss.<\/span><\/p>\n<p><span style=\"color: #000000;\">Bildlich kann man sich die Blockchain als eine Kette von Bl\u00f6cken vorstellen, in denen jeweils Transaktionsdaten miteinander verkn\u00fcpft werden. Die Transaktionen werden zu Bl\u00f6cken zusammengefasst, auf G\u00fcltigkeit \u00fcberpr\u00fcft und in einem Prozess namens Proof-of-Work an die bisherige Kette von Bl\u00f6cken angef\u00fcgt.<\/span><\/p>\n<p><span style=\"color: #000000;\">Bei dem Proof-of-Work-Ansatz m\u00fcssen Rechenaufgaben gel\u00f6st werden, die nur durch h\u00e4ufiges Ausprobieren gel\u00f6st werden k\u00f6nnen. Dies stellt sicher, dass ausreichend Arbeit in die Berechnung und Absicherung der Transaktionen investiert wird. Der Proof-of-Work-Ansatz ist enorm Energie aufwendig, so das die Strom- und Hardwarekosten einen Betrugsversuch sinnlos machen w\u00fcrden<\/span><\/p>\n<p><span style=\"color: #000000;\">Inzwischen existieren Anwendungsm\u00f6glichkeiten f\u00fcr die Blockchain, die weit \u00fcber die Funktion eines Finanztransaktionsbuches hinausgehen. Es lassen sich zum Beispiel sogenannte Smart Contracts (Vertr\u00e4ge, die in einen Programmcode eingebettet sind) auf einer Blockchain ablegen, mit denen verschiedenste Verwaltungs- und Prozessanwendungen abgewickelt werden k\u00f6nnen. Dabei ist die Ausf\u00fchrung dieser Smart Contracts in Echtzeit verfolgbar \u2013 als logische Weiterentwicklung des Open-Source-Gedankens wird mit der Blockchain somit eine Open Execution m\u00f6glich.<\/span><\/p>\n<p><span style=\"color: #000000;\">So k\u00f6nnen auf diese Art und Weise sensible Daten, wie etwa Gesundheitsdaten oder Eigentumsverh\u00e4ltnisse, wie zum Beispiel Grundbesitz \u00fcber eine Blockchain organisiert und gesteuert werden. Gleichzeitig kann jeder jemals get\u00e4tigte Eintrag in einem Blockchain-Verzeichnis f\u00fcr immer nachvollzogen und <strong>nicht gel\u00f6scht<\/strong> oder <strong>ver\u00e4ndert<\/strong> werden. Entsprechend interessiert forschen viele Staaten und Unternehmen an dieser Technologie. Die Hauptgr\u00fcnde sind die Aspekte Sicherheit, Transparenz und Effizienzsteigerung. Die M\u00f6glichkeit, Prozesse \u00fcber eine sichere Infrastruktur zu automatisieren und dabei die Gefahr einer Datenmanipulation zu unterbinden, erscheint f\u00fcr viele Institutionen und Unternehmen sehr reizvoll.<\/span><\/p>\n<h2><strong><span style=\"color: #000000;\">Was macht die Blockchain aus?<\/span><\/strong><\/h2>\n<h3><strong><span style=\"color: #000000;\">Dezentralit\u00e4t und Kryptographie<\/span><\/strong><\/h3>\n<p><span style=\"color: #000000;\">Ein Kernaspekt der Blockchain ist ihre Dezentralit\u00e4t. Zwar kann diese unterschiedlich stark ausgepr\u00e4gt sein, doch haben alle Applikationen eine Sache gemein: die Blockchain liegt nicht auf einem einzigen Computer. Zudem werden kryptographische Verfahren eingesetzt, die ein hohes Ma\u00df an Sicherheit gew\u00e4hrleisten.<\/span><\/p>\n<h3><strong><span style=\"color: #000000;\">Das direkte Versenden von Werten<\/span><\/strong><\/h3>\n<p><span style=\"color: #000000;\">Das Internet erm\u00f6glicht zwar die Versendung von Informationen, nicht jedoch von Werten. Genau an dieser Stelle kommt die Blockchain ins Spiel, da sie eine ausreichend sichere Infrastruktur bietet, um Verm\u00f6genswerte oder sensible Daten zu versenden, ohne dabei auf einen Mittelsmann (<strong><span style=\"color: #000080;\">Bank<\/span><\/strong>) angewiesen zu sein. Eine \u00dcberweisung dauert im Schnitt <span style=\"color: #ff0000;\"><strong>10 Minuten,\u00a0<\/strong><span style=\"color: #000000;\">dann hat der Empf\u00e4nger die Mittel in seinem Wallet (Online-Konto) und das <strong><span style=\"color: #ff0000;\">weltweit!!\u00a0 \u00a0<\/span><\/strong><span style=\"color: #ff0000;\"><span style=\"color: #000000;\">(<strong><span style=\"color: #000080;\">vergleiche \u00dcberweisung bei einer Bank<\/span><\/strong>).<\/span><\/span><\/span><\/span><\/span><\/p>\n<h3><strong><span style=\"color: #000000;\">Unver\u00e4nderlichkeit<\/span><\/strong><\/h3>\n<p><span style=\"color: #000000;\">Beitr\u00e4ge, Urkunden, Zertifikate etc., die einmal in der Blockchain abgelegt sind, k\u00f6nnen nicht wieder aus der Blockchain entfernt oder ge\u00e4ndert werden. Zum Beispiel beglaubigte Dokumente wie Geburtsurkunde oder Zertifikate von Firmen und vieles mehr.<\/span><\/p>\n<h3><strong><span style=\"color: #000000;\">Transparenz<\/span><\/strong><\/h3>\n<p>I<span style=\"color: #000000;\">n Abh\u00e4ngigkeit des Dezentralit\u00e4tsgrads ist ein auf einer Blockchain basierendes System sehr transparent. Bei fast allen digitalen W\u00e4hrungen lassen sich die Transaktionen verfolgen. Es ist einsehbar, wer welche Bl\u00f6cke \u00fcber das Proof-of-Work-System an die Blockchain angef\u00fcgt hat. Selbiges gilt auch f\u00fcr andere Daten, die auf einer \u00f6ffentlich einsehbaren Blockchain abgelegt sind.<\/span><\/p>\n<h3><strong><span style=\"color: #000000;\">Konsens-Mechanismus<\/span><\/strong><\/h3>\n<p><span style=\"color: #000000;\">Entscheidungen werden, wie bereits oben schon erw\u00e4hnt, nicht von einer zentralen Instanz <span style=\"color: #000080;\"><strong><span style=\"color: #008000;\">(Bank, Regierung oder EU)<\/span> <\/strong><\/span>getroffen, sondern vom gesamten Netzwerk.<\/span><\/p>\n<h2><strong><span style=\"color: #000000;\">Warum interessieren sich so viele daf\u00fcr?<\/span><\/strong><\/h2>\n<p><span style=\"color: #000000;\">Der Gedanke der Dezentralit\u00e4t ist nicht alleine als politische Utopie interessant. Vielmehr lassen sich mithilfe der Blockchain verschiedene Anwendungen realisieren, die in zentralisierter Form schwierig bis unm\u00f6glich zu implementieren w\u00e4ren. Drei Beispiele sollen dies veranschaulichen.<\/span><\/p>\n<p><span style=\"color: #000000;\">Der Internet-of-Things-Sektor zeigt reges Interesse an der Blockchain-Technologie, da hier viele verschiedene Devices als gleichwertige Partner in einem Netzwerk interagieren. Die Blockchain erm\u00f6glicht es, diese gleichwertigen Partner ohne Notwendigkeit eines zentralen Servers zu vernetzen.<\/span><\/p>\n<p><span style=\"color: #000000;\">Im Finanzsektor arbeiten viele Banken an der Blockchain, da auch Banken und Payment-Provider zur Absicherung der Transaktionen auf partiell dezentrale Systeme setzen.<\/span><\/p>\n<p><span style=\"color: #000000;\">\u00dcber die Smart Contracts sind so genannte Dezentrale Autonome Organisationen m\u00f6glich, also Organisationen, deren zentrale Verwaltung von automatischen Prozessen geregelt wird. Im Zusammenhang mit dem Internet of Things l\u00e4sst sich \u00fcber die Smart Contracts eine intermaschinelle Kommunikation <strong><span style=\"color: #000080;\">ohne<\/span><\/strong> zentralen Mittelsmann realisieren.<\/span><\/p>\n<p><strong><span style=\"color: #000000;\">Dabei ist zu beachten, dass es nicht die<\/span>\u00a0<span style=\"color: #ff0000;\">EINE\u00a0<span style=\"color: #000000;\">Blockchain gibt.<\/span><\/span><\/strong><span style=\"color: #ff0000;\"><span style=\"color: #000000;\">\u00a0Auf der n\u00e4chsten Seite stelle ich Ihnen eine Blockchain vor.<\/span><\/span><\/p>\n<p><strong><span style=\"color: #ff0000;\"><span style=\"color: #000000;\">\u00a0<\/span><\/span><\/strong><\/p>\n<h2><strong><span style=\"color: #000000;\">Buch-Tipp f\u00fcr Anf\u00e4nger und Fortgeschrittene<\/span><\/strong><\/h2>\n<p><span style=\"color: #000000;\">Um die Blockchain-Technologie und ihre vielf\u00e4ltigen Potentiale tiefgreifend zu verstehen, empfiehlt sich eine intensivere Auseinandersetzung mit der Thematik, als dies hier in meinem Beitrag geleistet werden kann.\u00a0Den perfekten Einstieg bietet das Buch \u201cDie Blockchain Bibel \u2013 DNA einer revolution\u00e4ren Technologie\u201d.<\/span><\/p>\n<p><code><img loading=\"lazy\" decoding=\"async\" style=\"border: none !important; margin: 0px !important;\" src=\"\/\/ir-de.amazon-adsystem.com\/e\/ir?t=batmar-21&amp;l=am2&amp;o=3&amp;a=B01H3TDFMU\" alt=\"\" width=\"1\" height=\"1\" border=\"0\" \/><\/code><\/p>\n<p><code><img loading=\"lazy\" decoding=\"async\" style=\"border: none !important; margin: 0px !important;\" src=\"\/\/ir-de.amazon-adsystem.com\/e\/ir?t=batmar-21&amp;l=am2&amp;o=3&amp;a=3898799115\" alt=\"\" width=\"1\" height=\"1\" border=\"0\" \/><\/code><\/p>\n","protected":false},"excerpt":{"rendered":"<p>Was ist die Blockchain ? Die Blockchain ist eine dezentrale Datenbankstruktur bzw. ein digitales Register, das Transaktionen transparent verzeichnet. Sie dient als Grundlage vieler digitaler W\u00e4hrungen. Die besonderen Charakteristika der Blockchain-Technologie sind Dezentralit\u00e4t, Unver\u00e4nderlichkeit und Transparenz. H\u00e4ufig wird mit Blick &hellip; <a href=\"https:\/\/bato-marketing.de\/index.php\/blockchain\/\">Weiterlesen <span class=\"meta-nav\">&rarr;<\/span><\/a><\/p>\n","protected":false},"author":1,"featured_media":0,"parent":0,"menu_order":0,"comment_status":"closed","ping_status":"closed","template":"","meta":{"_bos_mb_destination":[""],"footnotes":""},"class_list":["post-804","page","type-page","status-publish","hentry"],"_links":{"self":[{"href":"https:\/\/bato-marketing.de\/index.php\/wp-json\/wp\/v2\/pages\/804","targetHints":{"allow":["GET"]}}],"collection":[{"href":"https:\/\/bato-marketing.de\/index.php\/wp-json\/wp\/v2\/pages"}],"about":[{"href":"https:\/\/bato-marketing.de\/index.php\/wp-json\/wp\/v2\/types\/page"}],"author":[{"embeddable":true,"href":"https:\/\/bato-marketing.de\/index.php\/wp-json\/wp\/v2\/users\/1"}],"replies":[{"embeddable":true,"href":"https:\/\/bato-marketing.de\/index.php\/wp-json\/wp\/v2\/comments?post=804"}],"version-history":[{"count":21,"href":"https:\/\/bato-marketing.de\/index.php\/wp-json\/wp\/v2\/pages\/804\/revisions"}],"predecessor-version":[{"id":2736,"href":"https:\/\/bato-marketing.de\/index.php\/wp-json\/wp\/v2\/pages\/804\/revisions\/2736"}],"wp:attachment":[{"href":"https:\/\/bato-marketing.de\/index.php\/wp-json\/wp\/v2\/media?parent=804"}],"curies":[{"name":"wp","href":"https:\/\/api.w.org\/{rel}","templated":true}]}}